{"id":237,"date":"2022-08-08T15:50:49","date_gmt":"2022-08-08T15:50:49","guid":{"rendered":"https:\/\/prolabore.de\/?page_id=237"},"modified":"2022-10-04T13:41:31","modified_gmt":"2022-10-04T13:41:31","slug":"leitbild","status":"publish","type":"page","link":"https:\/\/prolabore.de\/?page_id=237","title":{"rendered":"Leitbild"},"content":{"rendered":"<p>[et_pb_section fb_built=&#8220;1&#8243; admin_label=&#8220;Hero&#8220; _builder_version=&#8220;4.17.6&#8243; use_background_color_gradient=&#8220;on&#8220; background_color_gradient_type=&#8220;circular&#8220; background_color_gradient_direction_radial=&#8220;top left&#8220; background_color_gradient_stops=&#8220;rgba(255,255,255,0.54) 0%|rgba(255,255,255,0) 100%&#8220; background_color_gradient_overlays_image=&#8220;on&#8220; background_image=&#8220;https:\/\/prolabore.de\/wp-content\/uploads\/2022\/08\/DSCF0041_b.jpg&#8220; height=&#8220;500px&#8220; custom_padding=&#8220;0px||0px||true|false&#8220; animation_style=&#8220;fade&#8220; global_colors_info=&#8220;{}&#8220;][et_pb_row column_structure=&#8220;2_3,1_3&#8243; use_custom_gutter=&#8220;on&#8220; make_equal=&#8220;on&#8220; padding_top_bottom_link_1=&#8220;true&#8220; padding_top_bottom_link_2=&#8220;true&#8220; padding_left_right_link_1=&#8220;true&#8220; padding_left_right_link_2=&#8220;true&#8220; _builder_version=&#8220;4.18.0&#8243; width=&#8220;100%&#8220; max_width=&#8220;100%&#8220; height=&#8220;500px&#8220; custom_margin=&#8220;|auto|-86px|auto||&#8220; custom_padding=&#8220;0px||0px||true|&#8220; hover_enabled=&#8220;0&#8243; use_custom_width=&#8220;on&#8220; width_unit=&#8220;off&#8220; custom_width_percent=&#8220;100%&#8220; global_colors_info=&#8220;{}&#8220; sticky_enabled=&#8220;0&#8243;][et_pb_column type=&#8220;2_3&#8243; _builder_version=&#8220;4.17.6&#8243; background_color_gradient_start=&#8220;rgba(40,40,40,0.79)&#8220; background_color_gradient_end=&#8220;rgba(40,40,40,0.86)&#8220; custom_padding=&#8220;10vw|6vw|10vw|6vw&#8220; custom_padding_tablet=&#8220;10vw|10%|10vw|10%|true|true&#8220; custom_padding_phone=&#8220;10vw|10%|10vw|10%|true|true&#8220; custom_padding_last_edited=&#8220;on|desktop&#8220; global_colors_info=&#8220;{}&#8220; padding_tablet=&#8220;10vw|10%|10vw|10%|true|true&#8220; padding_last_edited=&#8220;on|desktop&#8220; custom_padding__hover=&#8220;|||&#8220; padding_phone=&#8220;10vw|10%|10vw|10%|true|true&#8220;][et_pb_text content_tablet=&#8220;<\/p>\n<div id=%22header%22 class=%22clearfix%22>\n<h2>Handwerkliche Dienstleistungen<\/h2>\n<\/div>\n<p>&#8220; content_phone=&#8220;<\/p>\n<div id=%22header%22 class=%22clearfix%22>\n<h2>Handwerkliche Dienstleistungen<\/h2>\n<\/div>\n<p>&#8220; content_last_edited=&#8220;on|phone&#8220; _builder_version=&#8220;4.18.0&#8243; text_font=&#8220;||||||||&#8220; header_font=&#8220;Rubik|700|||||||&#8220; header_font_size=&#8220;64px&#8220; header_line_height=&#8220;1.2em&#8220; header_3_font_size=&#8220;14px&#8220; background_layout=&#8220;dark&#8220; max_width=&#8220;800px&#8220; custom_margin=&#8220;||0px|&#8220; custom_padding=&#8220;|||16px&#8220; hover_enabled=&#8220;0&#8243; text_font_size_tablet=&#8220;14px&#8220; text_font_size_last_edited=&#8220;off|desktop&#8220; header_font_tablet=&#8220;Rubik|700|||||||&#8220; header_font_phone=&#8220;Default|700|||||||&#8220; header_font_last_edited=&#8220;on|phone&#8220; header_font_size_tablet=&#8220;44px&#8220; header_font_size_phone=&#8220;24px&#8220; header_font_size_last_edited=&#8220;on|phone&#8220; header_3_font_size_tablet=&#8220;14px&#8220; header_3_font_size_phone=&#8220;24px&#8220; header_3_font_size_last_edited=&#8220;on|phone&#8220; border_color_all=&#8220;#3ead48&#8243; border_width_left=&#8220;10px&#8220; global_colors_info=&#8220;{}&#8220; sticky_enabled=&#8220;0&#8243;]<\/p>\n<div id=\"header\" class=\"clearfix\">\n<h2>Leitbild<\/h2>\n<\/div>\n<p>[\/et_pb_text][\/et_pb_column][et_pb_column type=&#8220;1_3&#8243; _builder_version=&#8220;4.18.0&#8243; background_color=&#8220;#3ead48&#8243; custom_padding=&#8220;80px|40px|80px|40px&#8220; custom_padding_tablet=&#8220;|10%||10%||true&#8220; custom_padding_phone=&#8220;|10%||10%||true&#8220; custom_padding_last_edited=&#8220;on|desktop&#8220; hover_enabled=&#8220;0&#8243; global_colors_info=&#8220;{}&#8220; padding_tablet=&#8220;|10%||10%||true&#8220; padding_last_edited=&#8220;on|desktop&#8220; custom_padding__hover=&#8220;|||&#8220; padding_phone=&#8220;|10%||10%||true&#8220; sticky_enabled=&#8220;0&#8243;][et_pb_blurb title=&#8220;\u00dcBER UNS&#8220; use_icon=&#8220;on&#8220; font_icon=&#8220;&#xf140;||fa||900&#8243; icon_color=&#8220;#FFFFFF&#8220; image_icon_background_color=&#8220;RGBA(255,255,255,0)&#8220; icon_placement=&#8220;left&#8220; image_icon_width=&#8220;40px&#8220; content_max_width=&#8220;1100px&#8220; content_max_width_tablet=&#8220;1100px&#8220; content_max_width_last_edited=&#8220;off|desktop&#8220; admin_label=&#8220;\u00dcber uns&#8220; _builder_version=&#8220;4.17.6&#8243; header_font=&#8220;Rubik|700|||||||&#8220; header_text_color=&#8220;#2a2a2a&#8220; header_line_height=&#8220;1.4em&#8220; body_font=&#8220;||||||||&#8220; body_font_size=&#8220;15px&#8220; background_layout=&#8220;dark&#8220; custom_margin=&#8220;|||&#8220; custom_padding=&#8220;|||&#8220; animation_style=&#8220;slide&#8220; animation_direction=&#8220;right&#8220; animation_delay=&#8220;300ms&#8220; animation_intensity_slide=&#8220;10%&#8220; animation=&#8220;off&#8220; image_max_width=&#8220;64px&#8220; global_colors_info=&#8220;{}&#8220;]<\/p>\n<p>Team, Leitbild, unsere Azubis<\/p>\n<p>[\/et_pb_blurb][\/et_pb_column][\/et_pb_row][\/et_pb_section][et_pb_section fb_built=&#8220;1&#8243; admin_label=&#8220; Get a Quote&#8220; _builder_version=&#8220;4.16&#8243; min_height=&#8220;126px&#8220; custom_margin=&#8220;-3px||0px|||&#8220; custom_padding=&#8220;20px|0px|20px|0px|true|false&#8220; animation_style=&#8220;slide&#8220; animation_direction=&#8220;top&#8220; animation_intensity_slide=&#8220;10%&#8220; box_shadow_style=&#8220;preset3&#8243; box_shadow_vertical=&#8220;10px&#8220; box_shadow_blur=&#8220;105px&#8220; box_shadow_spread=&#8220;0px&#8220; box_shadow_color=&#8220;rgba(0,0,0,0.12)&#8220; global_colors_info=&#8220;{}&#8220;][et_pb_row _builder_version=&#8220;4.16&#8243; _module_preset=&#8220;default&#8220; global_colors_info=&#8220;{}&#8220;][et_pb_column type=&#8220;4_4&#8243; _builder_version=&#8220;4.16&#8243; _module_preset=&#8220;default&#8220; global_colors_info=&#8220;{}&#8220;][et_pb_text _builder_version=&#8220;4.18.0&#8243; _module_preset=&#8220;default&#8220; hover_enabled=&#8220;0&#8243; global_colors_info=&#8220;{}&#8220; sticky_enabled=&#8220;0&#8243;]<\/p>\n<p><strong>pro labore | <\/strong><span><strong>gemeinn\u00fctzige Besch\u00e4ftigungsgesellschaft mbH<\/strong><br \/><\/span><span>T\u00e4leswiesenstr. 7\/2 | <\/span><span>72770 Reutlingen | <\/span><span>Telefon: (0 71 21) 57 84 63 |\u00a0<\/span><span>E-Mail:\u00a0<a href=\"mailto:info@prolabore.de\">info@prolabore.de<\/a><\/span><\/p>\n<p>[\/et_pb_text][\/et_pb_column][\/et_pb_row][\/et_pb_section][et_pb_section fb_built=&#8220;1&#8243; use_custom_gutter=&#8220;on&#8220; gutter_width=&#8220;1&#8243; specialty=&#8220;on&#8220; background_color_2=&#8220;#f7f7f7&#8243; padding_top_2=&#8220;60px&#8220; admin_label=&#8220;About Us&#8220; module_class=&#8220; et_pb_specialty_fullwidth&#8220; _builder_version=&#8220;4.17.6&#8243; background_image=&#8220;https:\/\/prolabore.de\/wp-content\/uploads\/2022\/08\/DSCF0031_b.jpg&#8220; background_size=&#8220;initial&#8220; background_position=&#8220;top_left&#8220; inner_width=&#8220;100%&#8220; inner_width_tablet=&#8220;100%&#8220; inner_width_phone=&#8220;100%&#8220; inner_width_last_edited=&#8220;on|desktop&#8220; inner_max_width=&#8220;100%&#8220; inner_max_width_tablet=&#8220;100%&#8220; inner_max_width_phone=&#8220;100%&#8220; inner_max_width_last_edited=&#8220;on|desktop&#8220; custom_margin=&#8220;|||&#8220; custom_padding=&#8220;0px|0px|0px|0px|true|false&#8220; animation_style=&#8220;fade&#8220; make_fullwidth=&#8220;on&#8220; global_colors_info=&#8220;{}&#8220;][et_pb_column type=&#8220;1_3&#8243; _builder_version=&#8220;4.16&#8243; custom_padding=&#8220;|||&#8220; global_colors_info=&#8220;{}&#8220; custom_padding__hover=&#8220;|||&#8220;][\/et_pb_column][et_pb_column type=&#8220;2_3&#8243; specialty_columns=&#8220;2&#8243; _builder_version=&#8220;4.16&#8243; background_color=&#8220;#f7f7f7&#8243; custom_padding=&#8220;|||&#8220; global_colors_info=&#8220;{}&#8220; custom_padding__hover=&#8220;|||&#8220;][et_pb_row_inner custom_padding_last_edited=&#8220;on|tablet&#8220; _builder_version=&#8220;4.17.6&#8243; custom_margin=&#8220;|||&#8220; custom_padding=&#8220;4px|8vw|0px|8vw|false|false&#8220; custom_padding_tablet=&#8220;|40px||40px||true&#8220; custom_padding_phone=&#8220;&#8220; animation_style=&#8220;fade&#8220; global_colors_info=&#8220;{}&#8220;][et_pb_column_inner saved_specialty_column_type=&#8220;2_3&#8243; _builder_version=&#8220;4.16&#8243; custom_padding=&#8220;|||&#8220; global_colors_info=&#8220;{}&#8220; custom_padding__hover=&#8220;|||&#8220;][et_pb_text content_tablet=&#8220;<\/p>\n<h1 xmlns=%22%22>Handwerkliche Dienstleistungen<\/h1>\n<p>&#8220; content_phone=&#8220;<\/p>\n<h2>Handwerkliche Dienstleistungen<\/h2>\n<p>&#8220; content_last_edited=&#8220;on|phone&#8220; _builder_version=&#8220;4.17.6&#8243; text_font=&#8220;||||||||&#8220; header_font=&#8220;||||||||&#8220; header_2_font=&#8220;||||||||&#8220; header_2_font_size=&#8220;42px&#8220; header_2_line_height=&#8220;1.2em&#8220; module_alignment=&#8220;center&#8220; custom_margin=&#8220;|||&#8220; custom_padding=&#8220;|||&#8220; header_2_font_size_tablet=&#8220;&#8220; header_2_font_size_phone=&#8220;36px&#8220; header_2_font_size_last_edited=&#8220;on|phone&#8220; locked=&#8220;off&#8220; global_colors_info=&#8220;{}&#8220;]<\/p>\n<h1 xmlns=\"\">Leitbild<\/h1>\n<p>[\/et_pb_text][et_pb_divider divider_position=&#8220;center&#8220; divider_weight=&#8220;5px&#8220; _builder_version=&#8220;4.18.0&#8243; max_width=&#8220;50px&#8220; hover_enabled=&#8220;0&#8243; global_colors_info=&#8220;{}&#8220; color=&#8220;#3ead48&#8243; sticky_enabled=&#8220;0&#8243;][\/et_pb_divider][\/et_pb_column_inner][\/et_pb_row_inner][et_pb_row_inner _builder_version=&#8220;4.17.6&#8243; _module_preset=&#8220;default&#8220; custom_padding=&#8220;|8vw||8vw|false|false&#8220; animation_style=&#8220;fade&#8220; global_colors_info=&#8220;{}&#8220;][et_pb_column_inner saved_specialty_column_type=&#8220;2_3&#8243; _builder_version=&#8220;4.16&#8243; _module_preset=&#8220;default&#8220; global_colors_info=&#8220;{}&#8220;][et_pb_text _builder_version=&#8220;4.17.6&#8243; _module_preset=&#8220;default&#8220; custom_margin=&#8220;||||false|false&#8220; global_colors_info=&#8220;{}&#8220;]<\/p>\n<p>Jeder Mensch hat ein Recht sich mit seinen F\u00e4higkeiten und M\u00f6glichkeiten zu verwirklichen und damit seine Teilhabe an der Gesellschaft zu realisieren. Nach unserem christlichen Verst\u00e4ndnis sollte niemand davon ausgeschlossen werden. Deshalb ist ein besonderes Anliegen von pro labore, Menschen durch sinnvolle wertsteigende Arbeit und durch ben\u00f6tigte Unterst\u00fctzung in die allgemeine Arbeitswelt zu integrieren.<\/p>\n<p>Durch konkrete Auftr\u00e4ge werden Arbeitstugenden und die praktischen Fachkenntnisse vermittelt. Die hohe Identifikation mit der handwerklichen Arbeit, als wichtiges Lebensinstrument, schafft die Grundlage f\u00fcr Motivation und Lernen. Insbesondere nat\u00fcrliche Materialien wie Holz und Farbe sind geeignete Werkstoffe, um urspr\u00fcngliche Energien und Kr\u00e4fte zu wecken und zu finden.<\/p>\n<p>Der besondere Reiz und die Erf\u00fcllung ist dabei f\u00fcr andere Menschen etwas zu produzieren, was diese auch gerne nutzen, ob M\u00f6bel oder Modernisierungen. Auch in Zukunft werden Menschen nach solchen Produkten fragen.<\/p>\n<p>Die Gewerke Tischler und Maler stellen dabei aufgrund ihrer Vielf\u00e4ltigkeit eine optimale Grundlage dar, um benachteiligte Personen zu f\u00f6rdern und sie nachhaltig in die Arbeitswelt zu integrieren.<\/p>\n<p>Sie k\u00f6nnen \u00fcber positive handwerkliche Erfahrungen ihr pers\u00f6nliches Potenzial auch in anderen Bereichen weiterentwickeln.<\/p>\n<p>Wir sind offen, stellen unsere Arbeit transparent dar und suchen den aktiven Dialog. Wir verstehen uns als Teil des Gemeinwesens und der Region. Wir denken und handeln zukunftsorientiert, umweltbewusst, arbeiten disziplin\u00fcbergreifend und passen unsere Ziele sowie Methoden an gesellschaftliche und sozialpolitische Ver\u00e4nderungen und an die aktuellen fachlichen Erkenntnisse an.<\/p>\n<p>Wir verpflichten uns mit unserer Arbeit einer kontinuierlichen Qualit\u00e4tssicherung und -verbesserung und wollen uns stets weiterentwickeln.<\/p>\n<p>[\/et_pb_text][\/et_pb_column_inner][\/et_pb_row_inner][\/et_pb_column][\/et_pb_section][et_pb_section fb_built=&#8220;1&#8243; use_custom_gutter=&#8220;on&#8220; gutter_width=&#8220;1&#8243; specialty=&#8220;on&#8220; background_color_1=&#8220;#ffb400&#8243; padding_top_1=&#8220;80px&#8220; padding_right_1=&#8220;6vw&#8220; padding_bottom_1=&#8220;80px&#8220; padding_left_1=&#8220;6vw&#8220; padding_top_bottom_link_1=&#8220;true&#8220; padding_left_right_link_1=&#8220;true&#8220; padding_1_tablet=&#8220;|10%||10%||true&#8220; padding_1_phone=&#8220;&#8220; padding_1_last_edited=&#8220;on|phone&#8220; admin_label=&#8220;Footer Section&#8220; module_class=&#8220; et_pb_specialty_fullwidth&#8220; _builder_version=&#8220;4.16&#8243; inner_width=&#8220;100%&#8220; inner_width_tablet=&#8220;100%&#8220; inner_width_phone=&#8220;100%&#8220; inner_width_last_edited=&#8220;on|desktop&#8220; inner_max_width=&#8220;100%&#8220; inner_max_width_tablet=&#8220;100%&#8220; inner_max_width_phone=&#8220;100%&#8220; inner_max_width_last_edited=&#8220;on|desktop&#8220; custom_padding=&#8220;0px||0px||true&#8220; make_fullwidth=&#8220;on&#8220; global_colors_info=&#8220;{}&#8220; disabled_on=&#8220;on|on|on&#8220; disabled=&#8220;on&#8220;][et_pb_column type=&#8220;1_2&#8243; _builder_version=&#8220;4.16&#8243; background_color=&#8220;#ffb400&#8243; custom_padding=&#8220;|||&#8220; global_colors_info=&#8220;{}&#8220; padding_tablet=&#8220;|10%||10%||true&#8220; padding_last_edited=&#8220;on|phone&#8220; custom_padding__hover=&#8220;|||&#8220; padding_phone=&#8220;|10%||10%||true&#8220;][et_pb_text _builder_version=&#8220;4.16&#8243; text_font=&#8220;||||||||&#8220; header_font=&#8220;||||||||&#8220; header_2_font=&#8220;Rubik|700|||||||&#8220; header_2_font_size=&#8220;42px&#8220; header_2_line_height=&#8220;1.2em&#8220; custom_margin=&#8220;|||&#8220; custom_padding=&#8220;|||&#8220; header_2_font_size_tablet=&#8220;&#8220; header_2_font_size_phone=&#8220;36px&#8220; header_2_font_size_last_edited=&#8220;on|phone&#8220; locked=&#8220;off&#8220; global_colors_info=&#8220;{}&#8220;]<\/p>\n<h1>Ihr Kontakt zu uns<\/h1>\n<p>[\/et_pb_text][et_pb_divider color=&#8220;#2a2a2a&#8220; divider_position=&#8220;center&#8220; divider_weight=&#8220;5px&#8220; _builder_version=&#8220;4.16&#8243; max_width=&#8220;50px&#8220; locked=&#8220;off&#8220; global_colors_info=&#8220;{}&#8220;][\/et_pb_divider][et_pb_contact_form captcha=&#8220;off&#8220; submit_button_text=&#8220;Send Message&#8220; module_id=&#8220;et_pb_contact_form_0&#8243; _builder_version=&#8220;4.16&#8243; _unique_id=&#8220;b748ced7-45c5-475e-a1ee-bf4d9bc33f88&#8243; form_field_background_color=&#8220;#ffffff&#8220; title_font=&#8220;||||||||&#8220; form_field_font=&#8220;||||||||&#8220; form_field_font_size=&#8220;14px&#8220; form_field_line_height=&#8220;1.8em&#8220; custom_button=&#8220;on&#8220; button_text_size=&#8220;14px&#8220; button_text_color=&#8220;#ffffff&#8220; button_border_width=&#8220;4px&#8220; button_border_radius=&#8220;0px&#8220; button_letter_spacing=&#8220;4px&#8220; button_font=&#8220;Rubik|700||on|||||&#8220; button_icon=&#8220;&#x24;||divi||400&#8243; custom_margin=&#8220;30px||30px||true&#8220; custom_margin_last_edited=&#8220;off|desktop&#8220; form_background_color=&#8220;#ffffff&#8220; locked=&#8220;off&#8220; global_colors_info=&#8220;{}&#8220;][et_pb_contact_field field_id=&#8220;Name&#8220; field_title=&#8220;Name&#8220; _builder_version=&#8220;4.16&#8243; global_colors_info=&#8220;{}&#8220; button_text_size__hover_enabled=&#8220;off&#8220; button_one_text_size__hover_enabled=&#8220;off&#8220; button_two_text_size__hover_enabled=&#8220;off&#8220; button_text_color__hover_enabled=&#8220;off&#8220; button_one_text_color__hover_enabled=&#8220;off&#8220; button_two_text_color__hover_enabled=&#8220;off&#8220; button_border_width__hover_enabled=&#8220;off&#8220; button_one_border_width__hover_enabled=&#8220;off&#8220; button_two_border_width__hover_enabled=&#8220;off&#8220; button_border_color__hover_enabled=&#8220;off&#8220; button_one_border_color__hover_enabled=&#8220;off&#8220; button_two_border_color__hover_enabled=&#8220;off&#8220; button_border_radius__hover_enabled=&#8220;off&#8220; button_one_border_radius__hover_enabled=&#8220;off&#8220; button_two_border_radius__hover_enabled=&#8220;off&#8220; button_letter_spacing__hover_enabled=&#8220;off&#8220; button_one_letter_spacing__hover_enabled=&#8220;off&#8220; button_two_letter_spacing__hover_enabled=&#8220;off&#8220; button_bg_color__hover_enabled=&#8220;off&#8220; button_one_bg_color__hover_enabled=&#8220;off&#8220; button_two_bg_color__hover_enabled=&#8220;off&#8220;][\/et_pb_contact_field][et_pb_contact_field field_id=&#8220;Email&#8220; field_title=&#8220;Email Address&#8220; field_type=&#8220;email&#8220; _builder_version=&#8220;4.16&#8243; global_colors_info=&#8220;{}&#8220; button_text_size__hover_enabled=&#8220;off&#8220; button_one_text_size__hover_enabled=&#8220;off&#8220; button_two_text_size__hover_enabled=&#8220;off&#8220; button_text_color__hover_enabled=&#8220;off&#8220; button_one_text_color__hover_enabled=&#8220;off&#8220; button_two_text_color__hover_enabled=&#8220;off&#8220; button_border_width__hover_enabled=&#8220;off&#8220; button_one_border_width__hover_enabled=&#8220;off&#8220; button_two_border_width__hover_enabled=&#8220;off&#8220; button_border_color__hover_enabled=&#8220;off&#8220; button_one_border_color__hover_enabled=&#8220;off&#8220; button_two_border_color__hover_enabled=&#8220;off&#8220; button_border_radius__hover_enabled=&#8220;off&#8220; button_one_border_radius__hover_enabled=&#8220;off&#8220; button_two_border_radius__hover_enabled=&#8220;off&#8220; button_letter_spacing__hover_enabled=&#8220;off&#8220; button_one_letter_spacing__hover_enabled=&#8220;off&#8220; button_two_letter_spacing__hover_enabled=&#8220;off&#8220; button_bg_color__hover_enabled=&#8220;off&#8220; button_one_bg_color__hover_enabled=&#8220;off&#8220; button_two_bg_color__hover_enabled=&#8220;off&#8220;][\/et_pb_contact_field][et_pb_contact_field field_id=&#8220;Message&#8220; field_title=&#8220;Message&#8220; field_type=&#8220;text&#8220; fullwidth_field=&#8220;on&#8220; _builder_version=&#8220;4.16&#8243; global_colors_info=&#8220;{}&#8220; button_text_size__hover_enabled=&#8220;off&#8220; button_one_text_size__hover_enabled=&#8220;off&#8220; button_two_text_size__hover_enabled=&#8220;off&#8220; button_text_color__hover_enabled=&#8220;off&#8220; button_one_text_color__hover_enabled=&#8220;off&#8220; button_two_text_color__hover_enabled=&#8220;off&#8220; button_border_width__hover_enabled=&#8220;off&#8220; button_one_border_width__hover_enabled=&#8220;off&#8220; button_two_border_width__hover_enabled=&#8220;off&#8220; button_border_color__hover_enabled=&#8220;off&#8220; button_one_border_color__hover_enabled=&#8220;off&#8220; button_two_border_color__hover_enabled=&#8220;off&#8220; button_border_radius__hover_enabled=&#8220;off&#8220; button_one_border_radius__hover_enabled=&#8220;off&#8220; button_two_border_radius__hover_enabled=&#8220;off&#8220; button_letter_spacing__hover_enabled=&#8220;off&#8220; button_one_letter_spacing__hover_enabled=&#8220;off&#8220; button_two_letter_spacing__hover_enabled=&#8220;off&#8220; button_bg_color__hover_enabled=&#8220;off&#8220; button_one_bg_color__hover_enabled=&#8220;off&#8220; button_two_bg_color__hover_enabled=&#8220;off&#8220;][\/et_pb_contact_field][\/et_pb_contact_form][\/et_pb_column][et_pb_column type=&#8220;1_2&#8243; specialty_columns=&#8220;2&#8243; _builder_version=&#8220;4.16&#8243; custom_padding=&#8220;|||&#8220; global_colors_info=&#8220;{}&#8220; custom_padding__hover=&#8220;|||&#8220;][et_pb_row_inner _builder_version=&#8220;4.16&#8243; background_color=&#8220;#2a2a2a&#8220; custom_margin=&#8220;|||&#8220; custom_padding=&#8220;0px||0px||true&#8220; animation_style=&#8220;slide&#8220; animation_direction=&#8220;top&#8220; animation_intensity_slide=&#8220;10%&#8220; global_colors_info=&#8220;{}&#8220;][et_pb_column_inner saved_specialty_column_type=&#8220;1_2&#8243; _builder_version=&#8220;4.16&#8243; custom_padding=&#8220;|||&#8220; global_colors_info=&#8220;{}&#8220; custom_padding__hover=&#8220;|||&#8220;][et_pb_social_media_follow _builder_version=&#8220;4.17.6&#8243; text_orientation=&#8220;center&#8220; custom_padding=&#8220;40px||40px||true&#8220; locked=&#8220;off&#8220; global_colors_info=&#8220;{}&#8220;][et_pb_social_media_follow_network social_network=&#8220;facebook&#8220; icon_color=&#8220;#2b2b2b&#8220; use_icon_font_size=&#8220;on&#8220; _builder_version=&#8220;4.17.6&#8243; custom_button=&#8220;on&#8220; button_text_color=&#8220;#000000&#8243; custom_padding=&#8220;|10px||10px||true&#8220; global_colors_info=&#8220;{}&#8220; follow_button=&#8220;off&#8220; url_new_window=&#8220;on&#8220;]facebook[\/et_pb_social_media_follow_network][\/et_pb_social_media_follow][\/et_pb_column_inner][\/et_pb_row_inner][et_pb_row_inner custom_padding_last_edited=&#8220;on|desktop&#8220; _builder_version=&#8220;4.16&#8243; custom_padding=&#8220;80px|6vw|80px|6vw|true|true&#8220; custom_padding_tablet=&#8220;|3vw||3vw||true&#8220; custom_padding_phone=&#8220;&#8220; global_colors_info=&#8220;{}&#8220;][et_pb_column_inner saved_specialty_column_type=&#8220;1_2&#8243; _builder_version=&#8220;4.16&#8243; custom_padding=&#8220;|||&#8220; global_colors_info=&#8220;{}&#8220; custom_padding__hover=&#8220;|||&#8220;][et_pb_blurb title=&#8220;pro labore  gemeinn\u00fctzige Besch\u00e4ftigungsgesellschaft mbH&#8220; icon_placement=&#8220;left&#8220; image_icon_width=&#8220;18px&#8220; content_max_width=&#8220;1100px&#8220; _builder_version=&#8220;4.16&#8243; header_font=&#8220;Rubik||||||||&#8220; header_font_size=&#8220;16px&#8220; header_line_height=&#8220;1.2em&#8220; body_font=&#8220;||||||||&#8220; module_alignment=&#8220;center&#8220; custom_margin=&#8220;||20px|&#8220; animation=&#8220;off&#8220; icon_font_size=&#8220;18px&#8220; locked=&#8220;off&#8220; global_colors_info=&#8220;{}&#8220;][\/et_pb_blurb][et_pb_blurb title=&#8220;T\u00e4leswiesenstr. 7 |  72770 Reutlingen &#8211; Betzingen&#8220; use_icon=&#8220;on&#8220; font_icon=&#8220;&#xe081;||divi||400&#8243; icon_color=&#8220;#666666&#8243; icon_placement=&#8220;left&#8220; image_icon_width=&#8220;18px&#8220; content_max_width=&#8220;1100px&#8220; _builder_version=&#8220;4.16&#8243; header_font=&#8220;Rubik||||||||&#8220; header_font_size=&#8220;16px&#8220; header_line_height=&#8220;1.2em&#8220; body_font=&#8220;||||||||&#8220; module_alignment=&#8220;center&#8220; custom_margin=&#8220;||20px|&#8220; animation=&#8220;off&#8220; icon_font_size=&#8220;18px&#8220; locked=&#8220;off&#8220; global_colors_info=&#8220;{}&#8220;][\/et_pb_blurb][et_pb_blurb title=&#8220;Telefon: (0 71 21) 57 84 63&#8243; use_icon=&#8220;on&#8220; font_icon=&#8220;&#xe090;||divi||400&#8243; icon_color=&#8220;#666666&#8243; icon_placement=&#8220;left&#8220; image_icon_width=&#8220;18px&#8220; content_max_width=&#8220;1100px&#8220; _builder_version=&#8220;4.16&#8243; header_font=&#8220;Rubik||||||||&#8220; header_font_size=&#8220;16px&#8220; header_line_height=&#8220;1.2em&#8220; body_font=&#8220;||||||||&#8220; module_alignment=&#8220;center&#8220; custom_margin=&#8220;||20px|&#8220; animation=&#8220;off&#8220; icon_font_size=&#8220;18px&#8220; locked=&#8220;off&#8220; global_colors_info=&#8220;{}&#8220;][\/et_pb_blurb][et_pb_blurb title=&#8220;info@prolabore.de&#8220; use_icon=&#8220;on&#8220; font_icon=&#8220;&#xe076;||divi||400&#8243; icon_color=&#8220;#666666&#8243; icon_placement=&#8220;left&#8220; image_icon_width=&#8220;18px&#8220; content_max_width=&#8220;1100px&#8220; _builder_version=&#8220;4.16&#8243; header_font=&#8220;Rubik||||||||&#8220; header_font_size=&#8220;16px&#8220; header_line_height=&#8220;1.2em&#8220; body_font=&#8220;||||||||&#8220; module_alignment=&#8220;center&#8220; custom_margin=&#8220;||20px|&#8220; animation=&#8220;off&#8220; icon_font_size=&#8220;18px&#8220; locked=&#8220;off&#8220; global_colors_info=&#8220;{}&#8220;][\/et_pb_blurb][\/et_pb_column_inner][\/et_pb_row_inner][\/et_pb_column][\/et_pb_section]<\/p>\n","protected":false},"excerpt":{"rendered":"<p>Leitbild Team, Leitbild, unsere Azubispro labore | gemeinn\u00fctzige Besch\u00e4ftigungsgesellschaft mbHT\u00e4leswiesenstr. 7\/2 | 72770 Reutlingen | Telefon: (0 71 21) 57 84 63 |\u00a0E-Mail:\u00a0info@prolabore.deLeitbildJeder Mensch hat ein Recht sich mit seinen F\u00e4higkeiten und M\u00f6glichkeiten zu verwirklichen und damit seine Teilhabe an der Gesellschaft zu realisieren. Nach unserem christlichen Verst\u00e4ndnis sollte niemand davon ausgeschlossen werden. Deshalb ist [&hellip;]<\/p>\n","protected":false},"author":2,"featured_media":0,"parent":0,"menu_order":0,"comment_status":"closed","ping_status":"closed","template":"","meta":{"_et_pb_use_builder":"on","_et_pb_old_content":"","_et_gb_content_width":"","footnotes":""},"class_list":["post-237","page","type-page","status-publish","hentry"],"_links":{"self":[{"href":"https:\/\/prolabore.de\/index.php?rest_route=\/wp\/v2\/pages\/237","targetHints":{"allow":["GET"]}}],"collection":[{"href":"https:\/\/prolabore.de\/index.php?rest_route=\/wp\/v2\/pages"}],"about":[{"href":"https:\/\/prolabore.de\/index.php?rest_route=\/wp\/v2\/types\/page"}],"author":[{"embeddable":true,"href":"https:\/\/prolabore.de\/index.php?rest_route=\/wp\/v2\/users\/2"}],"replies":[{"embeddable":true,"href":"https:\/\/prolabore.de\/index.php?rest_route=%2Fwp%2Fv2%2Fcomments&post=237"}],"version-history":[{"count":5,"href":"https:\/\/prolabore.de\/index.php?rest_route=\/wp\/v2\/pages\/237\/revisions"}],"predecessor-version":[{"id":361,"href":"https:\/\/prolabore.de\/index.php?rest_route=\/wp\/v2\/pages\/237\/revisions\/361"}],"wp:attachment":[{"href":"https:\/\/prolabore.de\/index.php?rest_route=%2Fwp%2Fv2%2Fmedia&parent=237"}],"curies":[{"name":"wp","href":"https:\/\/api.w.org\/{rel}","templated":true}]}}